{"id":443,"date":"2017-11-26T20:05:11","date_gmt":"2017-11-26T20:05:11","guid":{"rendered":"http:\/\/alltagsfluchten4x4.de\/?page_id=443"},"modified":"2018-01-07T17:39:16","modified_gmt":"2018-01-07T17:39:16","slug":"auszeit-2018","status":"publish","type":"page","link":"http:\/\/alltagsfluchten4x4.de\/?page_id=443","title":{"rendered":"Auszeit 2018"},"content":{"rendered":"<p>Im Jahr 2018 wollen wir uns eine dreimonatige Auszeit nehmen. Zusammen mit den drei Hundem\u00e4dels wollen wir im Sommer drei Monate unterwegs sein. Bisher waren arbeitsbedingt immer nur drei Wochen drin, das war immer super, aber nun haben wir endlich mal Zeit uns treiben zu lassen, drei ganze Monate lang.<\/p>\n<p>Wahrscheinlich vergehen die drei Monate wie im Flug und wir fragen uns im August, wo die Zeit geblieben ist.\u00a0 Wir werden es genie\u00dfen und es wird gro\u00dfartig sein.<\/p>\n<p>Unser auserw\u00e4hlter Zeitraum ist Mitte Mai bis Mitte August 2018, unser Ziel \u2013 wie sollte es anders sein \u2013 S\u00fcdosteuropa.<\/p>\n<p>Nat\u00fcrlich steht auch Albanien wieder auf unserem Reiseplan. Dieses Mal k\u00f6nnen wir uns richtig Zeit lassen um Land, Leute, Essen und Trinken zu genie\u00dfen. Da wir uns, dank unserer letzten sechs Reisen nach Albanien, im Land schon ein wenig auskennen, k\u00f6nnen wir uns die Rosinen rauspicken. Lieb gewonnene Orte und Menschen besuchen und Orte f\u00fcr uns entdecken, die uns in den letzten Jahren entgangen sind.<\/p>\n<p>In der aktuell groben Reiseplanung sind folgende Reisel\u00e4nder vorgesehen (manche auch nur auf der Durchreise):<\/p>\n<ul>\n<li><strong>Kroatien &#8211; <\/strong>hier ist ein Abstecher zu den Plitvicer Seen geplant, im Mai ist es &#8211; so hoffen wir &#8211; noch nicht so \u00fcberf\u00fcllt und wir k\u00f6nnen diese Gegend in Ruhe und ohne die \u00fcblichen Menschenmengen erkunden.<\/li>\n<li><strong>Montenegro<\/strong> &#8211; bisher haben wir auch diese Land recht stiefm\u00fctterlich behandelt und sind immer nur durchgefahren. Daher haben wir dieses Jahr einige Highlights des Landes auf die Agenda gesetzt. So stehen auf jeden Fall schon mal Kotor und die Tara \u2013 Schlucht im Durmitor Nationalparkt auf dem Plan. Mal schauen, wohin es uns in Montenegro noch verschl\u00e4gt.<\/li>\n<li><strong>Albanien <\/strong>&#8211; einfach unser liebstes Reiseziel in Europa<\/li>\n<li><strong>Kosovo<\/strong> &#8211; der Kosovo wird eine neue Erfahrung, wir waren noch nie da, wir haben schon viel Gutes gelesen und werden uns einfach mal ein eigenes Bild von diesem noch unentdeckten Flecken Europas machen. Darauf freuen wir uns sehr.<\/li>\n<li><strong>Griechenland<\/strong> <span style=\"font-family: Wingdings, serif;\">&#8211;<\/span> f\u00fcr Griechenland gibt es noch keine konkreten Pl\u00e4ne, aber wenn es Griechischen Salat, Tzatziki, Lamm und Wein gibt, werden wir uns wohl f\u00fchlen.<\/li>\n<\/ul>\n","protected":false},"excerpt":{"rendered":"<p>Im Jahr 2018 wollen wir uns eine dreimonatige Auszeit nehmen. Zusammen mit den drei Hundem\u00e4dels wollen wir im Sommer drei Monate unterwegs sein. Bisher waren arbeitsbedingt immer nur drei Wochen drin, das war immer super, aber nun haben wir endlich mal Zeit uns treiben zu lassen, drei ganze Monate lang. Wahrscheinlich vergehen die drei Monate wie im Flug und wir fragen uns im August, wo die Zeit geblieben ist.\u00a0 Wir werden es genie\u00dfen und es wird gro\u00dfartig sein. Unser auserw\u00e4hlter&#8230;<\/p>\n<p class=\"read-more\"><a class=\"btn btn-default\" href=\"http:\/\/alltagsfluchten4x4.de\/?page_id=443\">Weiterlesen<span class=\"screen-reader-text\"> Weiterlesen<\/span><\/a><\/p>\n","protected":false},"author":1,"featured_media":0,"parent":0,"menu_order":0,"comment_status":"closed","ping_status":"closed","template":"","meta":{"_monsterinsights_skip_tracking":false,"_monsterinsights_sitenote_active":false,"_monsterinsights_sitenote_note":"","_monsterinsights_sitenote_category":0,"footnotes":""},"class_list":["post-443","page","type-page","status-publish","hentry"],"_links":{"self":[{"href":"http:\/\/alltagsfluchten4x4.de\/index.php?rest_route=\/wp\/v2\/pages\/443","targetHints":{"allow":["GET"]}}],"collection":[{"href":"http:\/\/alltagsfluchten4x4.de\/index.php?rest_route=\/wp\/v2\/pages"}],"about":[{"href":"http:\/\/alltagsfluchten4x4.de\/index.php?rest_route=\/wp\/v2\/types\/page"}],"author":[{"embeddable":true,"href":"http:\/\/alltagsfluchten4x4.de\/index.php?rest_route=\/wp\/v2\/users\/1"}],"replies":[{"embeddable":true,"href":"http:\/\/alltagsfluchten4x4.de\/index.php?rest_route=%2Fwp%2Fv2%2Fcomments&post=443"}],"version-history":[{"count":6,"href":"http:\/\/alltagsfluchten4x4.de\/index.php?rest_route=\/wp\/v2\/pages\/443\/revisions"}],"predecessor-version":[{"id":562,"href":"http:\/\/alltagsfluchten4x4.de\/index.php?rest_route=\/wp\/v2\/pages\/443\/revisions\/562"}],"wp:attachment":[{"href":"http:\/\/alltagsfluchten4x4.de\/index.php?rest_route=%2Fwp%2Fv2%2Fmedia&parent=443"}],"curies":[{"name":"wp","href":"https:\/\/api.w.org\/{rel}","templated":true}]}}