{"id":308,"date":"2017-11-26T12:00:53","date_gmt":"2017-11-26T12:00:53","guid":{"rendered":"http:\/\/alltagsfluchten4x4.de\/?page_id=308"},"modified":"2018-08-12T13:02:36","modified_gmt":"2018-08-12T13:02:36","slug":"der-umbau","status":"publish","type":"page","link":"http:\/\/alltagsfluchten4x4.de\/?page_id=308","title":{"rendered":"Der Umbau"},"content":{"rendered":"<p>Unser Toyota Landcruiser FZJ80 vor dem Umbau:<\/p>\n<p><img loading=\"lazy\" decoding=\"async\" class=\"alignnone size-medium wp-image-483\" src=\"http:\/\/alltagsfluchten4x4.de\/wp-content\/uploads\/2018\/01\/IMG_2296-300x216.jpg\" alt=\"\" width=\"300\" height=\"216\" srcset=\"http:\/\/alltagsfluchten4x4.de\/wp-content\/uploads\/2018\/01\/IMG_2296-300x216.jpg 300w, http:\/\/alltagsfluchten4x4.de\/wp-content\/uploads\/2018\/01\/IMG_2296-376x270.jpg 376w, http:\/\/alltagsfluchten4x4.de\/wp-content\/uploads\/2018\/01\/IMG_2296.jpg 640w\" sizes=\"auto, (max-width: 300px) 100vw, 300px\" \/> <img loading=\"lazy\" decoding=\"async\" class=\"alignnone wp-image-497 size-medium\" src=\"http:\/\/alltagsfluchten4x4.de\/wp-content\/uploads\/2018\/01\/SNC000731-300x225.jpg\" alt=\"\" width=\"300\" height=\"225\" srcset=\"http:\/\/alltagsfluchten4x4.de\/wp-content\/uploads\/2018\/01\/SNC000731-300x225.jpg 300w, http:\/\/alltagsfluchten4x4.de\/wp-content\/uploads\/2018\/01\/SNC000731-360x270.jpg 360w, http:\/\/alltagsfluchten4x4.de\/wp-content\/uploads\/2018\/01\/SNC000731.jpg 640w\" sizes=\"auto, (max-width: 300px) 100vw, 300px\" \/><\/p>\n<p>Ein lange durchdachter Entschlu\u00df war gefasst und im Herbst 2014 ging es der Karosserie an den Kragen. Der hintere Teil wurde abges\u00e4gt, der Rest der Fahrerkabine wurde mit Versteifungsrahmen verschwei\u00dft.<\/p>\n<p><img loading=\"lazy\" decoding=\"async\" class=\"alignnone size-medium wp-image-480\" src=\"http:\/\/alltagsfluchten4x4.de\/wp-content\/uploads\/2018\/01\/IMG_1768-300x225.jpg\" alt=\"\" width=\"300\" height=\"225\" srcset=\"http:\/\/alltagsfluchten4x4.de\/wp-content\/uploads\/2018\/01\/IMG_1768-300x225.jpg 300w, http:\/\/alltagsfluchten4x4.de\/wp-content\/uploads\/2018\/01\/IMG_1768-360x270.jpg 360w, http:\/\/alltagsfluchten4x4.de\/wp-content\/uploads\/2018\/01\/IMG_1768.jpg 640w\" sizes=\"auto, (max-width: 300px) 100vw, 300px\" \/> <img loading=\"lazy\" decoding=\"async\" class=\"alignnone size-medium wp-image-482\" src=\"http:\/\/alltagsfluchten4x4.de\/wp-content\/uploads\/2018\/01\/IMG_2188-300x225.jpg\" alt=\"\" width=\"300\" height=\"225\" srcset=\"http:\/\/alltagsfluchten4x4.de\/wp-content\/uploads\/2018\/01\/IMG_2188-300x225.jpg 300w, http:\/\/alltagsfluchten4x4.de\/wp-content\/uploads\/2018\/01\/IMG_2188-360x270.jpg 360w, http:\/\/alltagsfluchten4x4.de\/wp-content\/uploads\/2018\/01\/IMG_2188.jpg 640w\" sizes=\"auto, (max-width: 300px) 100vw, 300px\" \/><\/p>\n<p>F\u00fcr den Wiederaufbau wurde als Basis f\u00fcr die Wohnkabine ein Alurahmen und ein Aufstelldach (ebenfalls aus Aluminium) nach unseren eigenen Pl\u00e4nen gefertigt. Alurahmen und Aufstelldach wurden von einer Metallbaufirma hergestellt, alles andere wurde von uns selbst gebaut.<\/p>\n<p><img loading=\"lazy\" decoding=\"async\" class=\"alignnone size-medium wp-image-481\" src=\"http:\/\/alltagsfluchten4x4.de\/wp-content\/uploads\/2018\/01\/IMG_1977-300x225.jpg\" alt=\"\" width=\"300\" height=\"225\" srcset=\"http:\/\/alltagsfluchten4x4.de\/wp-content\/uploads\/2018\/01\/IMG_1977-300x225.jpg 300w, http:\/\/alltagsfluchten4x4.de\/wp-content\/uploads\/2018\/01\/IMG_1977-360x270.jpg 360w, http:\/\/alltagsfluchten4x4.de\/wp-content\/uploads\/2018\/01\/IMG_1977.jpg 640w\" sizes=\"auto, (max-width: 300px) 100vw, 300px\" \/><\/p>\n<p>Der Alurahmen wurde mit dem Fahrzeugrahmen verklebt und verschraubt. In den Alurahmen haben wir Sandwichplatten eingeklebt.<\/p>\n<p><img loading=\"lazy\" decoding=\"async\" class=\"alignnone size-medium wp-image-486\" src=\"http:\/\/alltagsfluchten4x4.de\/wp-content\/uploads\/2018\/01\/IMG_2348-300x225.jpg\" alt=\"\" width=\"300\" height=\"225\" srcset=\"http:\/\/alltagsfluchten4x4.de\/wp-content\/uploads\/2018\/01\/IMG_2348-300x225.jpg 300w, http:\/\/alltagsfluchten4x4.de\/wp-content\/uploads\/2018\/01\/IMG_2348-360x270.jpg 360w, http:\/\/alltagsfluchten4x4.de\/wp-content\/uploads\/2018\/01\/IMG_2348.jpg 640w\" sizes=\"auto, (max-width: 300px) 100vw, 300px\" \/> <img loading=\"lazy\" decoding=\"async\" class=\"alignnone size-medium wp-image-484\" src=\"http:\/\/alltagsfluchten4x4.de\/wp-content\/uploads\/2018\/01\/IMG_2299-300x225.jpg\" alt=\"\" width=\"300\" height=\"225\" srcset=\"http:\/\/alltagsfluchten4x4.de\/wp-content\/uploads\/2018\/01\/IMG_2299-300x225.jpg 300w, http:\/\/alltagsfluchten4x4.de\/wp-content\/uploads\/2018\/01\/IMG_2299-360x270.jpg 360w, http:\/\/alltagsfluchten4x4.de\/wp-content\/uploads\/2018\/01\/IMG_2299.jpg 640w\" sizes=\"auto, (max-width: 300px) 100vw, 300px\" \/><\/p>\n<p>Nach einkleben der Sandwichplatten war die Basis f\u00fcr den Innenausbau geschaffen.<\/p>\n<p><img loading=\"lazy\" decoding=\"async\" class=\"alignnone size-medium wp-image-491\" src=\"http:\/\/alltagsfluchten4x4.de\/wp-content\/uploads\/2018\/01\/IMG_2824-300x225.jpg\" alt=\"\" width=\"300\" height=\"225\" srcset=\"http:\/\/alltagsfluchten4x4.de\/wp-content\/uploads\/2018\/01\/IMG_2824-300x225.jpg 300w, http:\/\/alltagsfluchten4x4.de\/wp-content\/uploads\/2018\/01\/IMG_2824-360x270.jpg 360w, http:\/\/alltagsfluchten4x4.de\/wp-content\/uploads\/2018\/01\/IMG_2824.jpg 640w\" sizes=\"auto, (max-width: 300px) 100vw, 300px\" \/> <img loading=\"lazy\" decoding=\"async\" class=\"alignnone size-medium wp-image-488\" src=\"http:\/\/alltagsfluchten4x4.de\/wp-content\/uploads\/2018\/01\/IMG_2394-300x225.jpg\" alt=\"\" width=\"300\" height=\"225\" srcset=\"http:\/\/alltagsfluchten4x4.de\/wp-content\/uploads\/2018\/01\/IMG_2394-300x225.jpg 300w, http:\/\/alltagsfluchten4x4.de\/wp-content\/uploads\/2018\/01\/IMG_2394-360x270.jpg 360w, http:\/\/alltagsfluchten4x4.de\/wp-content\/uploads\/2018\/01\/IMG_2394.jpg 640w\" sizes=\"auto, (max-width: 300px) 100vw, 300px\" \/> <img loading=\"lazy\" decoding=\"async\" class=\"alignnone size-medium wp-image-493\" src=\"http:\/\/alltagsfluchten4x4.de\/wp-content\/uploads\/2018\/01\/IMG_2872-300x225.jpg\" alt=\"\" width=\"300\" height=\"225\" srcset=\"http:\/\/alltagsfluchten4x4.de\/wp-content\/uploads\/2018\/01\/IMG_2872-300x225.jpg 300w, http:\/\/alltagsfluchten4x4.de\/wp-content\/uploads\/2018\/01\/IMG_2872-360x270.jpg 360w, http:\/\/alltagsfluchten4x4.de\/wp-content\/uploads\/2018\/01\/IMG_2872.jpg 640w\" sizes=\"auto, (max-width: 300px) 100vw, 300px\" \/><\/p>\n<p>Wir haben uns entschieden die originale Lackierung unseres Toyota beizubehalten, und haben die Kabine im bew\u00e4hrten &#8222;Toyota &#8211; Blau&#8220; lackieren lassen. So passte auch farblich alles wieder zueinander.<\/p>\n<p><img loading=\"lazy\" decoding=\"async\" class=\"alignnone size-medium wp-image-492\" src=\"http:\/\/alltagsfluchten4x4.de\/wp-content\/uploads\/2018\/01\/IMG_2848-300x225.jpg\" alt=\"\" width=\"300\" height=\"225\" srcset=\"http:\/\/alltagsfluchten4x4.de\/wp-content\/uploads\/2018\/01\/IMG_2848-300x225.jpg 300w, http:\/\/alltagsfluchten4x4.de\/wp-content\/uploads\/2018\/01\/IMG_2848-360x270.jpg 360w, http:\/\/alltagsfluchten4x4.de\/wp-content\/uploads\/2018\/01\/IMG_2848.jpg 640w\" sizes=\"auto, (max-width: 300px) 100vw, 300px\" \/> <img loading=\"lazy\" decoding=\"async\" class=\"alignnone size-medium wp-image-485\" src=\"http:\/\/alltagsfluchten4x4.de\/wp-content\/uploads\/2018\/01\/IMG_2348-2-300x225.jpg\" alt=\"\" width=\"300\" height=\"225\" srcset=\"http:\/\/alltagsfluchten4x4.de\/wp-content\/uploads\/2018\/01\/IMG_2348-2-300x225.jpg 300w, http:\/\/alltagsfluchten4x4.de\/wp-content\/uploads\/2018\/01\/IMG_2348-2-360x270.jpg 360w, http:\/\/alltagsfluchten4x4.de\/wp-content\/uploads\/2018\/01\/IMG_2348-2.jpg 640w\" sizes=\"auto, (max-width: 300px) 100vw, 300px\" \/><\/p>\n<p>Nach Einbau von Wohnmobil &#8211; Fenstern war der Toyota fertig f\u00fcr den Innenausbau:<\/p>\n<p><img loading=\"lazy\" decoding=\"async\" class=\"alignnone size-medium wp-image-489\" src=\"http:\/\/alltagsfluchten4x4.de\/wp-content\/uploads\/2018\/01\/IMG_2811-300x225.jpg\" alt=\"\" width=\"300\" height=\"225\" srcset=\"http:\/\/alltagsfluchten4x4.de\/wp-content\/uploads\/2018\/01\/IMG_2811-300x225.jpg 300w, http:\/\/alltagsfluchten4x4.de\/wp-content\/uploads\/2018\/01\/IMG_2811-360x270.jpg 360w, http:\/\/alltagsfluchten4x4.de\/wp-content\/uploads\/2018\/01\/IMG_2811.jpg 640w\" sizes=\"auto, (max-width: 300px) 100vw, 300px\" \/><\/p>\n<p>K\u00fcchenzeile mit Sp\u00fcle:<\/p>\n<p>Wir haben 80 Liter Frischwasser an Bord und einen 10 Liter Warmwasserboiler, angeschlossen an den Motorkreislauf oder alternativ mit 12 Volt beheizbar.<\/p>\n<p><img loading=\"lazy\" decoding=\"async\" class=\"alignnone size-medium wp-image-490\" src=\"http:\/\/alltagsfluchten4x4.de\/wp-content\/uploads\/2018\/01\/IMG_2824-2-300x229.jpg\" alt=\"\" width=\"300\" height=\"229\" srcset=\"http:\/\/alltagsfluchten4x4.de\/wp-content\/uploads\/2018\/01\/IMG_2824-2-300x229.jpg 300w, http:\/\/alltagsfluchten4x4.de\/wp-content\/uploads\/2018\/01\/IMG_2824-2-354x270.jpg 354w, http:\/\/alltagsfluchten4x4.de\/wp-content\/uploads\/2018\/01\/IMG_2824-2.jpg 640w\" sizes=\"auto, (max-width: 300px) 100vw, 300px\" \/><\/p>\n<p>Neben der Sp\u00fcle haben wir einen doppelten Kartuschenkocher eingebaut, da wir uns wegen der bestehenden Auflagen gegen ein Gaskochfeld mit Gasflasche entschieden haben. Darunter ist unsere K\u00fchlbox (40 Liter Engel-K\u00fchlbox) auf einem Schwerlastauszug eingebaut.<\/p>\n<p><img loading=\"lazy\" decoding=\"async\" class=\"alignnone size-medium wp-image-570\" src=\"http:\/\/alltagsfluchten4x4.de\/wp-content\/uploads\/2018\/01\/IMG_2942-225x300.jpg\" alt=\"\" width=\"225\" height=\"300\" srcset=\"http:\/\/alltagsfluchten4x4.de\/wp-content\/uploads\/2018\/01\/IMG_2942-225x300.jpg 225w, http:\/\/alltagsfluchten4x4.de\/wp-content\/uploads\/2018\/01\/IMG_2942-203x270.jpg 203w, http:\/\/alltagsfluchten4x4.de\/wp-content\/uploads\/2018\/01\/IMG_2942.jpg 640w\" sizes=\"auto, (max-width: 225px) 100vw, 225px\" \/> <img loading=\"lazy\" decoding=\"async\" class=\"alignnone size-medium wp-image-571\" src=\"http:\/\/alltagsfluchten4x4.de\/wp-content\/uploads\/2018\/01\/IMG_2943-225x300.jpg\" alt=\"\" width=\"225\" height=\"300\" srcset=\"http:\/\/alltagsfluchten4x4.de\/wp-content\/uploads\/2018\/01\/IMG_2943-225x300.jpg 225w, http:\/\/alltagsfluchten4x4.de\/wp-content\/uploads\/2018\/01\/IMG_2943-203x270.jpg 203w, http:\/\/alltagsfluchten4x4.de\/wp-content\/uploads\/2018\/01\/IMG_2943.jpg 640w\" sizes=\"auto, (max-width: 225px) 100vw, 225px\" \/><\/p>\n<p>Gegen\u00fcber der K\u00fcchenzeile eine gem\u00fctliche Sitzecke mit, von Mutti handgen\u00e4hten, Microfaser Kuhfellimitat &#8211; Polsterbez\u00fcgen :-).<\/p>\n<p><img loading=\"lazy\" decoding=\"async\" class=\"alignnone size-medium wp-image-494\" src=\"http:\/\/alltagsfluchten4x4.de\/wp-content\/uploads\/2018\/01\/IMG_2930-300x225.jpg\" alt=\"\" width=\"300\" height=\"225\" srcset=\"http:\/\/alltagsfluchten4x4.de\/wp-content\/uploads\/2018\/01\/IMG_2930-300x225.jpg 300w, http:\/\/alltagsfluchten4x4.de\/wp-content\/uploads\/2018\/01\/IMG_2930-360x270.jpg 360w, http:\/\/alltagsfluchten4x4.de\/wp-content\/uploads\/2018\/01\/IMG_2930.jpg 640w\" sizes=\"auto, (max-width: 300px) 100vw, 300px\" \/><\/p>\n<p>Geschlafen wird oben. Wir haben es mit einem Lattenrost versucht, das auch hier noch auf den Bilder zu sehen ist. Diese Konstruktion hat sich nicht bew\u00e4hrt und wurde nach dem ersten Urlaubseinsatz durch einen festen Schlafboden ersetzt. Um tags\u00fcber Stehh\u00f6he zu haben wird der Schlafboden am Tag unter dem aufgeklappten Aufstelldach fixiert.<\/p>\n<p><img loading=\"lazy\" decoding=\"async\" class=\"alignnone size-medium wp-image-495\" src=\"http:\/\/alltagsfluchten4x4.de\/wp-content\/uploads\/2018\/01\/IMG_2931-225x300.jpg\" alt=\"\" width=\"225\" height=\"300\" srcset=\"http:\/\/alltagsfluchten4x4.de\/wp-content\/uploads\/2018\/01\/IMG_2931-225x300.jpg 225w, http:\/\/alltagsfluchten4x4.de\/wp-content\/uploads\/2018\/01\/IMG_2931-203x270.jpg 203w, http:\/\/alltagsfluchten4x4.de\/wp-content\/uploads\/2018\/01\/IMG_2931.jpg 640w\" sizes=\"auto, (max-width: 225px) 100vw, 225px\" \/><\/p>\n<p>Zwischen Aufstelldach und Kabine sorgt eine Zeltplane aus Airtex &#8211; Stoff f\u00fcr den Schutz vor Wind und Wetter. Auf dem Dach haben wir ein 100 Watt Solarpanel verbaut. Wir werden in K\u00fcrze noch ein zweites Panel verbauen, um auch bei tr\u00fcbem Wetter immer k\u00fchles Bier vorr\u00e4tig zu haben.<\/p>\n<p><img loading=\"lazy\" decoding=\"async\" class=\"alignnone size-medium wp-image-422\" src=\"http:\/\/alltagsfluchten4x4.de\/wp-content\/uploads\/2017\/11\/IMG_2941-300x244.jpg\" alt=\"\" width=\"300\" height=\"244\" srcset=\"http:\/\/alltagsfluchten4x4.de\/wp-content\/uploads\/2017\/11\/IMG_2941-300x244.jpg 300w, http:\/\/alltagsfluchten4x4.de\/wp-content\/uploads\/2017\/11\/IMG_2941-332x270.jpg 332w, http:\/\/alltagsfluchten4x4.de\/wp-content\/uploads\/2017\/11\/IMG_2941.jpg 640w\" sizes=\"auto, (max-width: 300px) 100vw, 300px\" \/><\/p>\n<p>&nbsp;<\/p>\n","protected":false},"excerpt":{"rendered":"<p>Unser Toyota Landcruiser FZJ80 vor dem Umbau: Ein lange durchdachter Entschlu\u00df war gefasst und im Herbst 2014 ging es der Karosserie an den Kragen. Der hintere Teil wurde abges\u00e4gt, der Rest der Fahrerkabine wurde mit Versteifungsrahmen verschwei\u00dft. F\u00fcr den Wiederaufbau wurde als Basis f\u00fcr die Wohnkabine ein Alurahmen und ein Aufstelldach (ebenfalls aus Aluminium) nach unseren eigenen Pl\u00e4nen gefertigt. Alurahmen und Aufstelldach wurden von einer Metallbaufirma hergestellt, alles andere wurde von uns selbst gebaut. Der Alurahmen wurde mit dem Fahrzeugrahmen&#8230;<\/p>\n<p class=\"read-more\"><a class=\"btn btn-default\" href=\"http:\/\/alltagsfluchten4x4.de\/?page_id=308\">Weiterlesen<span class=\"screen-reader-text\"> Weiterlesen<\/span><\/a><\/p>\n","protected":false},"author":1,"featured_media":0,"parent":0,"menu_order":0,"comment_status":"closed","ping_status":"closed","template":"","meta":{"_monsterinsights_skip_tracking":false,"_monsterinsights_sitenote_active":false,"_monsterinsights_sitenote_note":"","_monsterinsights_sitenote_category":0,"footnotes":""},"class_list":["post-308","page","type-page","status-publish","hentry"],"_links":{"self":[{"href":"http:\/\/alltagsfluchten4x4.de\/index.php?rest_route=\/wp\/v2\/pages\/308","targetHints":{"allow":["GET"]}}],"collection":[{"href":"http:\/\/alltagsfluchten4x4.de\/index.php?rest_route=\/wp\/v2\/pages"}],"about":[{"href":"http:\/\/alltagsfluchten4x4.de\/index.php?rest_route=\/wp\/v2\/types\/page"}],"author":[{"embeddable":true,"href":"http:\/\/alltagsfluchten4x4.de\/index.php?rest_route=\/wp\/v2\/users\/1"}],"replies":[{"embeddable":true,"href":"http:\/\/alltagsfluchten4x4.de\/index.php?rest_route=%2Fwp%2Fv2%2Fcomments&post=308"}],"version-history":[{"count":12,"href":"http:\/\/alltagsfluchten4x4.de\/index.php?rest_route=\/wp\/v2\/pages\/308\/revisions"}],"predecessor-version":[{"id":1097,"href":"http:\/\/alltagsfluchten4x4.de\/index.php?rest_route=\/wp\/v2\/pages\/308\/revisions\/1097"}],"wp:attachment":[{"href":"http:\/\/alltagsfluchten4x4.de\/index.php?rest_route=%2Fwp%2Fv2%2Fmedia&parent=308"}],"curies":[{"name":"wp","href":"https:\/\/api.w.org\/{rel}","templated":true}]}}