{"id":19,"date":"2017-11-17T16:45:00","date_gmt":"2017-11-17T16:45:00","guid":{"rendered":"http:\/\/alltagsfluchten4x4.de\/?page_id=19"},"modified":"2017-12-28T19:15:11","modified_gmt":"2017-12-28T19:15:11","slug":"ueber-uns","status":"publish","type":"page","link":"http:\/\/alltagsfluchten4x4.de\/?page_id=19","title":{"rendered":"\u00dcber uns"},"content":{"rendered":"<p><i><u>\u00dcber uns:<\/u><\/i><\/p>\n<p>Wir, das sind die zwei Menschen Henning und Carola mit unseren drei Hunden, ganz genau sind das die Boston Terrier \u2013 M\u00e4dels Finchen, Affi und Betty. Unsere Heimat und unser Lebensmittelpunkt ist Dresden, und auch wenn wir uns hier pudelwohl f\u00fchlen, reisen wir gern und zwar am liebsten gemeinsam mit unseren Hundem\u00e4dels. Auf unseren bisherigen Reisen haben wir uns gr\u00f6\u00dftenteils in Europa umgesehen. Nicht zuletzt, weil wir hier auch immer die M\u00f6glichkeit haben die Hunde mitzunehmen.Unser absolutes Lieblingsurlaubsland ist Albanien seit unserem ersten Besuch im Jahr 2010 sind wir noch weitere f\u00fcnf mal da gewesen und haben noch immer nicht genug.<\/p>\n<p>Unsere Reiseziele au\u00dferhalb Europas (und somit ohne die Hunde), waren wir in den Jahren 2015 und 2016 der Oman, im Winter 2017 f\u00fchrte uns das Reisefieber nach Botswana. Fotos unserer Reisen findet ihr in der <a href=\"http:\/\/alltagsfluchten4x4.de\/?page_id=22\">Galerie<\/a>.<\/p>\n<p><img loading=\"lazy\" decoding=\"async\" class=\"aligncenter wp-image-462 size-full\" src=\"http:\/\/alltagsfluchten4x4.de\/wp-content\/uploads\/2017\/12\/DSC00602.jpg\" alt=\"\" width=\"640\" height=\"435\" srcset=\"http:\/\/alltagsfluchten4x4.de\/wp-content\/uploads\/2017\/12\/DSC00602.jpg 640w, http:\/\/alltagsfluchten4x4.de\/wp-content\/uploads\/2017\/12\/DSC00602-300x204.jpg 300w, http:\/\/alltagsfluchten4x4.de\/wp-content\/uploads\/2017\/12\/DSC00602-397x270.jpg 397w\" sizes=\"auto, (max-width: 640px) 100vw, 640px\" \/><\/p>\n<p>&nbsp;<\/p>\n<p><u>Carola:<\/u><\/p>\n<p>Ich bin f\u00fcr die neuen Ideen zust\u00e4ndig. Dazu z\u00e4hlen beispielsweise die Anschaffung unseres zweiten Hundes, die Anschaffung unseres dritten Hundes, drei Monate Auszeit im Jahr 2018. Ideen, die Henning erst skeptisch be\u00e4ugt und nach kurzer \u00dcberlegung ebenfalls f\u00fcr gut befunden hat.<\/p>\n<p>Auf Reisen bin ich in der Regel f\u00fcr die Navigation zust\u00e4ndig. Klingt jetzt gef\u00e4hrlich, so von wegen \u201eFrauen und Navigation\u201c \u2026 aber es funktioniert gut. Wir finden in der Regel ohne gr\u00f6\u00dfere Probleme unser Ziel mit Navi oder auch ganz analog mit der Stra\u00dfenkarte. Henning fragt, trotz Sprachbarriere, auch gern mal bei den Einheimischen nach dem Weg <span style=\"font-family: Wingdings, serif;\">\uf04a<\/span>. Der Erfolg dabei ist jedoch eher durchwachsen.<\/p>\n<p><img loading=\"lazy\" decoding=\"async\" class=\"aligncenter wp-image-461 size-full\" src=\"http:\/\/alltagsfluchten4x4.de\/wp-content\/uploads\/2017\/12\/DSC00304.jpg\" alt=\"\" width=\"640\" height=\"823\" srcset=\"http:\/\/alltagsfluchten4x4.de\/wp-content\/uploads\/2017\/12\/DSC00304.jpg 640w, http:\/\/alltagsfluchten4x4.de\/wp-content\/uploads\/2017\/12\/DSC00304-233x300.jpg 233w, http:\/\/alltagsfluchten4x4.de\/wp-content\/uploads\/2017\/12\/DSC00304-210x270.jpg 210w\" sizes=\"auto, (max-width: 640px) 100vw, 640px\" \/><\/p>\n<p><u>Henning: <\/u><\/p>\n<p>Mein Mann und unser Hahn im Korb <span style=\"font-family: Wingdings, serif;\">\uf04a<\/span>. Handwerker und Heimwerker mit zwei rechten H\u00e4nden und ein hervorragender Autoschrauber. Den Umbau unseres Toyota Landcruisers zum Offroad &#8211; Wohnmobil hat er weitestgehend selbst gemacht. Details zum Fahrzeug und zum Umbau findet ihr hier unter \u201e<a href=\"http:\/\/alltagsfluchten4x4.de\/?page_id=20\">Reisemobil<\/a>\u201c.<\/p>\n<p>Die meisten Dinge kann er reparieren \u2026 bei Waschmaschinen hat er jedoch nur eine Erfolgsquote von 50%.<\/p>\n<p><a name=\"_GoBack\"><\/a>In chaotischstem Stra\u00dfenverkehr bleibt er stets gelassen (eine Ausnahme hiervon gab es nur in Botswana <span style=\"font-family: Wingdings, serif;\">\uf04a<\/span>). Er bringt seine M\u00e4dels grunds\u00e4tzlich heil ans Ziel und zwar auch dann, wenn auf dem Beifahrersitz jemand &#8211; der hier nicht genannt werden will &#8211; bereits dem Nervenzusammenbruch nahe ist, mitbremst, scharf einatmet oder gar schreit.<\/p>\n<p><img loading=\"lazy\" decoding=\"async\" class=\"aligncenter wp-image-463 size-full\" src=\"http:\/\/alltagsfluchten4x4.de\/wp-content\/uploads\/2017\/12\/IMG_1076.jpg\" alt=\"\" width=\"640\" height=\"853\" srcset=\"http:\/\/alltagsfluchten4x4.de\/wp-content\/uploads\/2017\/12\/IMG_1076.jpg 640w, http:\/\/alltagsfluchten4x4.de\/wp-content\/uploads\/2017\/12\/IMG_1076-225x300.jpg 225w, http:\/\/alltagsfluchten4x4.de\/wp-content\/uploads\/2017\/12\/IMG_1076-203x270.jpg 203w\" sizes=\"auto, (max-width: 640px) 100vw, 640px\" \/><\/p>\n","protected":false},"excerpt":{"rendered":"<p>\u00dcber uns: Wir, das sind die zwei Menschen Henning und Carola mit unseren drei Hunden, ganz genau sind das die Boston Terrier \u2013 M\u00e4dels Finchen, Affi und Betty. Unsere Heimat und unser Lebensmittelpunkt ist Dresden, und auch wenn wir uns hier pudelwohl f\u00fchlen, reisen wir gern und zwar am liebsten gemeinsam mit unseren Hundem\u00e4dels. Auf unseren bisherigen Reisen haben wir uns gr\u00f6\u00dftenteils in Europa umgesehen. Nicht zuletzt, weil wir hier auch immer die M\u00f6glichkeit haben die Hunde mitzunehmen.Unser absolutes Lieblingsurlaubsland&#8230;<\/p>\n<p class=\"read-more\"><a class=\"btn btn-default\" href=\"http:\/\/alltagsfluchten4x4.de\/?page_id=19\">Weiterlesen<span class=\"screen-reader-text\"> Weiterlesen<\/span><\/a><\/p>\n","protected":false},"author":1,"featured_media":0,"parent":0,"menu_order":0,"comment_status":"closed","ping_status":"closed","template":"","meta":{"_monsterinsights_skip_tracking":false,"_monsterinsights_sitenote_active":false,"_monsterinsights_sitenote_note":"","_monsterinsights_sitenote_category":0,"footnotes":""},"class_list":["post-19","page","type-page","status-publish","hentry"],"_links":{"self":[{"href":"http:\/\/alltagsfluchten4x4.de\/index.php?rest_route=\/wp\/v2\/pages\/19","targetHints":{"allow":["GET"]}}],"collection":[{"href":"http:\/\/alltagsfluchten4x4.de\/index.php?rest_route=\/wp\/v2\/pages"}],"about":[{"href":"http:\/\/alltagsfluchten4x4.de\/index.php?rest_route=\/wp\/v2\/types\/page"}],"author":[{"embeddable":true,"href":"http:\/\/alltagsfluchten4x4.de\/index.php?rest_route=\/wp\/v2\/users\/1"}],"replies":[{"embeddable":true,"href":"http:\/\/alltagsfluchten4x4.de\/index.php?rest_route=%2Fwp%2Fv2%2Fcomments&post=19"}],"version-history":[{"count":8,"href":"http:\/\/alltagsfluchten4x4.de\/index.php?rest_route=\/wp\/v2\/pages\/19\/revisions"}],"predecessor-version":[{"id":471,"href":"http:\/\/alltagsfluchten4x4.de\/index.php?rest_route=\/wp\/v2\/pages\/19\/revisions\/471"}],"wp:attachment":[{"href":"http:\/\/alltagsfluchten4x4.de\/index.php?rest_route=%2Fwp%2Fv2%2Fmedia&parent=19"}],"curies":[{"name":"wp","href":"https:\/\/api.w.org\/{rel}","templated":true}]}}